{"id":15955,"date":"2024-04-26T17:31:04","date_gmt":"2024-04-26T17:31:04","guid":{"rendered":"http:\/\/ikizlerkombiservisi.com\/index.php\/ilan-paneli\/"},"modified":"2024-04-26T17:31:04","modified_gmt":"2024-04-26T17:31:04","slug":"ilan-paneli","status":"publish","type":"page","link":"https:\/\/ikizlerkombiservisi.com\/index.php\/ilan-paneli\/","title":{"rendered":"\u0130lan Paneli"},"content":{"rendered":"<div id=\"job-manager-job-dashboard\">\n\n\t<p class=\"account-sign-in\">\u0130lanlar\u0131n\u0131z\u0131 y\u00f6netebilmek i\u00e7in giri\u015f yapmal\u0131s\u0131n\u0131z. <a class=\"button\" href=\"https:\/\/ikizlerkombiservisi.com\/wp-login.php?redirect_to=https%3A%2F%2Fikizlerkombiservisi.com%2Findex.php%2Filan-paneli%2F\">Oturum a\u00e7<\/a><\/p>\n\n<\/div>\n\n ","protected":false},"excerpt":{"rendered":"\u0130lanlar\u0131n\u0131z\u0131 y\u00f6netebilmek i\u00e7in giri\u015f yapmal\u0131s\u0131n\u0131z. Oturum a\u00e7","protected":false},"author":1,"featured_media":0,"parent":0,"menu_order":0,"comment_status":"closed","ping_status":"closed","template":"","meta":{"om_disable_all_campaigns":false,"_monsterinsights_skip_tracking":false,"_monsterinsights_sitenote_active":false,"_monsterinsights_sitenote_note":"","_monsterinsights_sitenote_category":0,"footnotes":""},"class_list":["post-15955","page","type-page","status-publish","hentry"],"aioseo_notices":[],"_links":{"self":[{"href":"https:\/\/ikizlerkombiservisi.com\/index.php\/wp-json\/wp\/v2\/pages\/15955"}],"collection":[{"href":"https:\/\/ikizlerkombiservisi.com\/index.php\/wp-json\/wp\/v2\/pages"}],"about":[{"href":"https:\/\/ikizlerkombiservisi.com\/index.php\/wp-json\/wp\/v2\/types\/page"}],"author":[{"embeddable":true,"href":"https:\/\/ikizlerkombiservisi.com\/index.php\/wp-json\/wp\/v2\/users\/1"}],"replies":[{"embeddable":true,"href":"https:\/\/ikizlerkombiservisi.com\/index.php\/wp-json\/wp\/v2\/comments?post=15955"}],"version-history":[{"count":0,"href":"https:\/\/ikizlerkombiservisi.com\/index.php\/wp-json\/wp\/v2\/pages\/15955\/revisions"}],"wp:attachment":[{"href":"https:\/\/ikizlerkombiservisi.com\/index.php\/wp-json\/wp\/v2\/media?parent=15955"}],"curies":[{"name":"wp","href":"https:\/\/api.w.org\/{rel}","templated":true}]}}