{"id":15451,"date":"2019-10-03T10:42:42","date_gmt":"2019-10-03T10:42:42","guid":{"rendered":"http:\/\/ikizlerkombiservisi.com\/?page_id=15451"},"modified":"2020-09-18T22:26:06","modified_gmt":"2020-09-18T22:26:06","slug":"musteri-memnuniyeti","status":"publish","type":"page","link":"https:\/\/ikizlerkombiservisi.com\/index.php\/musteri-memnuniyeti\/","title":{"rendered":"M\u00fc\u015fteri Memnuniyeti"},"content":{"rendered":"<p>[vc_row][vc_column][\/vc_column][\/vc_row][vc_row][vc_column width=&#8221;1\/2&#8243;][vc_single_image image=&#8221;15773&#8243; img_size=&#8221;644 x 439&#8243; alignment=&#8221;center&#8221;][\/vc_column][vc_column width=&#8221;1\/2&#8243;][vc_column_text]<\/p>\n<h2 class=\"mt-0 text-theme-colored\"><span class=\"text-theme-color-2\" style=\"color: #ff0000;\">\u00d6nce Memnuniyetiniz<\/span><\/h2>\n<p>[\/vc_column_text][vc_zigzag color=&#8221;white&#8221; el_width=&#8221;10&#8243;][vc_column_text]<\/p>\n<h4 class=\"text-gray-dimgray font-weight-400\">Firmam\u0131z memnun olmam\u0131\u015f bir m\u00fc\u015fterimizin i\u015fini hi\u00e7 tamamlanmam\u0131\u015f sayar, bizim birincil \u00f6nceli\u011fimiz m\u00fc\u015fteri memnuniyetinizdir.<\/h4>\n<p>Sizler de herhangi bir e\u011fitimi olmamas\u0131na ra\u011fmen, herhangi sabit bir i\u015f yeri olmayan belirli sekt\u00f6rleri f\u0131rsat bilip, g\u00f6z boyayarak m\u00fc\u015fterileri ma\u011fdur eden ki\u015filerden b\u0131kmad\u0131n\u0131z m\u0131 ? <a title=\"izmir Beyaz E\u015fya ve Kombi Servisi\" href=\"https:\/\/ikizlerkombiservisi.com\/\">\u0130kizler Kombi Servisi<\/a>\u00a0sizlere profesyonel kombi ve petek bak\u0131m\u0131 hizmeti sunmaktad\u0131r.<\/p>\n<p>Firmam\u0131z bu ve benzeri durumlardaki m\u00fc\u015fteri memnuniyetini en \u00fcst d\u00fczeye \u00e7\u0131karmak i\u00e7in s\u00fcrekli olarak \u00e7al\u0131\u015fmaktad\u0131r. \u0130\u015fimize ve samimiyetimize o kadar g\u00fcveniyoruz ki, en ufak bir ku\u015fkunuzda sizleri her zaman s\u0131cak bir \u00e7ay\u0131m\u0131z\u0131 i\u00e7meye merkezlerimize bekliyoruz.[\/vc_column_text][\/vc_column][\/vc_row][vc_row][vc_column][vc_zigzag color=&#8221;white&#8221; el_width=&#8221;10&#8243;][vc_zigzag color=&#8221;white&#8221; el_width=&#8221;10&#8243;][vc_column_text]<\/p>\n<p style=\"text-align: center;\"><i class=\"fa-icon-phone\"><\/i><span style=\"font-size: 18pt;\"><strong><span style=\"color: #ff0000;\">Bizi Hemen Aray\u0131n&#8230;.<\/span>\u00a0<span style=\"color: #339966;\">Tel :\u00a0<\/span> <span style=\"color: #339966;\"><a style=\"color: #339966;\" href=\"tel:\/\/+903124769033\">+90 312 476 9 033<\/a> &#8211; Mobil: \u00a0<a style=\"color: #339966;\" href=\"tel:\/\/+905414769033\">+90 541 476 9 033<\/a><\/span><\/strong><\/span><\/p>\n<p>[\/vc_column_text][\/vc_column][\/vc_row][vc_row][vc_column][\/vc_column][\/vc_row]<\/p>\n ","protected":false},"excerpt":{"rendered":"<p>[vc_row][vc_column][\/vc_column][\/vc_row][vc_row][vc_column width=&#8221;1\/2&#8243;][vc_single_image image=&#8221;15773&#8243; img_size=&#8221;644 x 439&#8243; alignment=&#8221;center&#8221;][\/vc_column][vc_column width=&#8221;1\/2&#8243;][vc_column_text] \u00d6nce Memnuniyetiniz [\/vc_column_text][vc_zigzag color=&#8221;white&#8221; el_width=&#8221;10&#8243;][vc_column_text] Firmam\u0131z memnun olmam\u0131\u015f bir m\u00fc\u015fterimizin i\u015fini hi\u00e7 tamamlanmam\u0131\u015f sayar, bizim birincil \u00f6nceli\u011fimiz m\u00fc\u015fteri memnuniyetinizdir. Sizler de herhangi bir e\u011fitimi olmamas\u0131na ra\u011fmen, herhangi sabit bir i\u015f yeri olmayan belirli sekt\u00f6rleri f\u0131rsat bilip, g\u00f6z boyayarak m\u00fc\u015fterileri ma\u011fdur eden ki\u015filerden b\u0131kmad\u0131n\u0131z m\u0131 ? \u0130kizler Kombi [&hellip;]<\/p>\n","protected":false},"author":1,"featured_media":0,"parent":0,"menu_order":0,"comment_status":"open","ping_status":"closed","template":"","meta":{"om_disable_all_campaigns":false,"_monsterinsights_skip_tracking":false,"_monsterinsights_sitenote_active":false,"_monsterinsights_sitenote_note":"","_monsterinsights_sitenote_category":0,"footnotes":""},"class_list":["post-15451","page","type-page","status-publish","hentry"],"aioseo_notices":[],"_links":{"self":[{"href":"https:\/\/ikizlerkombiservisi.com\/index.php\/wp-json\/wp\/v2\/pages\/15451"}],"collection":[{"href":"https:\/\/ikizlerkombiservisi.com\/index.php\/wp-json\/wp\/v2\/pages"}],"about":[{"href":"https:\/\/ikizlerkombiservisi.com\/index.php\/wp-json\/wp\/v2\/types\/page"}],"author":[{"embeddable":true,"href":"https:\/\/ikizlerkombiservisi.com\/index.php\/wp-json\/wp\/v2\/users\/1"}],"replies":[{"embeddable":true,"href":"https:\/\/ikizlerkombiservisi.com\/index.php\/wp-json\/wp\/v2\/comments?post=15451"}],"version-history":[{"count":18,"href":"https:\/\/ikizlerkombiservisi.com\/index.php\/wp-json\/wp\/v2\/pages\/15451\/revisions"}],"predecessor-version":[{"id":15940,"href":"https:\/\/ikizlerkombiservisi.com\/index.php\/wp-json\/wp\/v2\/pages\/15451\/revisions\/15940"}],"wp:attachment":[{"href":"https:\/\/ikizlerkombiservisi.com\/index.php\/wp-json\/wp\/v2\/media?parent=15451"}],"curies":[{"name":"wp","href":"https:\/\/api.w.org\/{rel}","templated":true}]}}