{"id":15449,"date":"2019-10-03T10:42:18","date_gmt":"2019-10-03T10:42:18","guid":{"rendered":"http:\/\/ikizlerkombiservisi.com\/?page_id=15449"},"modified":"2020-09-18T22:22:21","modified_gmt":"2020-09-18T22:22:21","slug":"kombi-bakim","status":"publish","type":"page","link":"https:\/\/ikizlerkombiservisi.com\/index.php\/kombi-bakim\/","title":{"rendered":"Kombi Bak\u0131m\u0131"},"content":{"rendered":"<p>[vc_row][vc_column width=&#8221;1\/2&#8243;][vc_column_text]<img fetchpriority=\"high\" decoding=\"async\" class=\"wp-image-15602 aligncenter\" src=\"https:\/\/ikizlerkombiservisi.com\/wp-content\/uploads\/2019\/10\/kombi-servisi-300x300.png\" alt=\"\" width=\"369\" height=\"369\" srcset=\"https:\/\/ikizlerkombiservisi.com\/wp-content\/uploads\/2019\/10\/kombi-servisi-300x300.png 300w, https:\/\/ikizlerkombiservisi.com\/wp-content\/uploads\/2019\/10\/kombi-servisi-150x150.png 150w, https:\/\/ikizlerkombiservisi.com\/wp-content\/uploads\/2019\/10\/kombi-servisi-1024x1024.png 1024w, https:\/\/ikizlerkombiservisi.com\/wp-content\/uploads\/2019\/10\/kombi-servisi-100x100.png 100w\" sizes=\"(max-width: 369px) 100vw, 369px\" \/>[\/vc_column_text][vc_zigzag color=&#8221;white&#8221; el_width=&#8221;10&#8243;][\/vc_column][vc_column width=&#8221;1\/2&#8243;][vc_column_text]<\/p>\n<h1><span style=\"color: #339966;\">Ankara \u0130kizler Kombi Servisi<\/span><\/h1>\n<p>[\/vc_column_text][vc_zigzag color=&#8221;white&#8221; el_width=&#8221;10&#8243;][vc_column_text]<span style=\"color: #333333;\">\u0130kizler kombi Servisi Ankara geneli Kombi servis hizmeti sa\u011flamaktad\u0131r. Ankara \u0130kizler kombi Servisi olarak kombinizde olu\u015fabilecek ar\u0131zalar i\u00e7in bir telefon uzakl\u0131\u011f\u0131nday\u0131z. Ankara \u0130kizler kombi Servisi siz de\u011ferli m\u00fc\u015fterilerimize profesyonel bir servis deneyimi vermektedir. Kalifiye ve profesyonel teknik servis elemanlar\u0131m\u0131z zaman\u0131nda ve do\u011fru m\u00fcdahaleler ile cihazlar\u0131n\u0131z\u0131n problemini en k\u0131sa s\u00fcrede \u00e7\u00f6zecektir. Firmam\u0131za bildirdi\u011finiz t\u00fcm Kombi problem bildirimleriniz teknisyenlerimiz taraf\u0131ndan gerekli kontrolleri yap\u0131larak siz de\u011ferli kullan\u0131c\u0131lar\u0131m\u0131za geri bildirimde bulunulacakt\u0131r. Ankara \u0130kizler kombi Servisi t\u00fcm kombi markalar\u0131nda orijinal par\u00e7a kullanmaktad\u0131r. Ankara \u0130kizler kombi Servisi servis ihtiya\u00e7lar\u0131n\u0131zda arayabilirsiniz Ankara \u0130kizler kombi Servisi t\u00fcm Kombi sorunlar\u0131n\u0131zda par\u00e7a ve i\u015f\u00e7ilik garantisiyle onar\u0131m hizmetini sunacakt\u0131r.<\/span>[\/vc_column_text][\/vc_column][\/vc_row][vc_row][vc_column width=&#8221;1\/2&#8243;][vc_column_text]<\/p>\n<h1 class=\"mt-0\"><span style=\"color: #339966;\">Kombinizin \u00d6mr\u00fcn\u00fc Uzat\u0131n !<\/span><\/h1>\n<p>[\/vc_column_text][vc_zigzag color=&#8221;white&#8221; el_width=&#8221;10&#8243;][vc_column_text]<img decoding=\"async\" class=\"size-medium wp-image-15782 alignleft\" src=\"https:\/\/ikizlerkombiservisi.com\/wp-content\/uploads\/2019\/10\/Kombinizin_Omrunu_Uzatin-300x200.jpg\" alt=\"\" width=\"300\" height=\"200\" srcset=\"https:\/\/ikizlerkombiservisi.com\/wp-content\/uploads\/2019\/10\/Kombinizin_Omrunu_Uzatin-300x200.jpg 300w, https:\/\/ikizlerkombiservisi.com\/wp-content\/uploads\/2019\/10\/Kombinizin_Omrunu_Uzatin-768x512.jpg 768w, https:\/\/ikizlerkombiservisi.com\/wp-content\/uploads\/2019\/10\/Kombinizin_Omrunu_Uzatin-600x400.jpg 600w, https:\/\/ikizlerkombiservisi.com\/wp-content\/uploads\/2019\/10\/Kombinizin_Omrunu_Uzatin.jpg 1000w\" sizes=\"(max-width: 300px) 100vw, 300px\" \/><\/p>\n<p class=\"text-gray-dimgray font-weight-400\"><span style=\"color: #333333;\">D\u00fczenli olarak bak\u0131m\u0131 yap\u0131lmayan kombilerin ar\u0131zalanma ihtimali y\u00fckseldi\u011fi gibi ayn\u0131 zamanda bak\u0131ms\u0131zl\u0131ktan dolay\u0131 kullan\u0131m \u00f6mr\u00fc de olduk\u00e7a k\u0131salacakt\u0131r. Kombi bak\u0131m\u0131n\u0131z\u0131 d\u00fczenli yapt\u0131rarak kombinizde olu\u015fabilecek ar\u0131zalar\u0131 engelleyebilece\u011finiz gibi ayn\u0131 zamanda kombinizin \u00f6mr\u00fcn\u00fc de uzatm\u0131\u015f olacaks\u0131n\u0131z. Kombi servis ve kombi bak\u0131m\u0131 hizmeti mutlaka profesyoneller taraf\u0131ndan sa\u011flanmal\u0131d\u0131r.<\/span><\/p>\n<p>[\/vc_column_text][vc_zigzag color=&#8221;white&#8221; el_width=&#8221;10&#8243;][vc_column_text]<i class=\"fa-icon-phone\"><\/i><span style=\"font-size: 14pt;\"><strong><span style=\"color: #ff0000;\">Bizi Aray\u0131n<\/span> <span style=\"color: #339966;\">Tel:\u00a0<\/span> <span style=\"color: #339966;\"><a style=\"color: #339966;\" href=\"tel:\/\/+903124769033\">+90 312 476 9 033<\/a> &#8211; Mobil : \u00a0<a style=\"color: #339966;\" href=\"tel:\/\/+905414769033\">+90 541 476 9 033<\/a><\/span><\/strong><\/span>[\/vc_column_text][\/vc_column][vc_column width=&#8221;1\/2&#8243;][vc_zigzag color=&#8221;white&#8221; el_width=&#8221;10&#8243;][vc_zigzag color=&#8221;white&#8221; el_width=&#8221;10&#8243;][vc_single_image image=&#8221;15807&#8243; img_size=&#8221;768&#215;576&#8243; alignment=&#8221;center&#8221;][\/vc_column][\/vc_row][vc_row][vc_column][vc_zigzag color=&#8221;white&#8221; el_width=&#8221;10&#8243;][\/vc_column][\/vc_row][vc_row][vc_column][\/vc_column][\/vc_row][vc_row][vc_column][\/vc_column][\/vc_row]<\/p>\n ","protected":false},"excerpt":{"rendered":"<p>[vc_row][vc_column width=&#8221;1\/2&#8243;][vc_column_text][\/vc_column_text][vc_zigzag color=&#8221;white&#8221; el_width=&#8221;10&#8243;][\/vc_column][vc_column width=&#8221;1\/2&#8243;][vc_column_text] Ankara \u0130kizler Kombi Servisi [\/vc_column_text][vc_zigzag color=&#8221;white&#8221; el_width=&#8221;10&#8243;][vc_column_text]\u0130kizler kombi Servisi Ankara geneli Kombi servis hizmeti sa\u011flamaktad\u0131r. Ankara \u0130kizler kombi Servisi olarak kombinizde olu\u015fabilecek ar\u0131zalar i\u00e7in bir telefon uzakl\u0131\u011f\u0131nday\u0131z. Ankara \u0130kizler kombi Servisi siz de\u011ferli m\u00fc\u015fterilerimize profesyonel bir servis deneyimi vermektedir. Kalifiye ve profesyonel teknik servis elemanlar\u0131m\u0131z zaman\u0131nda ve do\u011fru m\u00fcdahaleler ile [&hellip;]<\/p>\n","protected":false},"author":1,"featured_media":0,"parent":0,"menu_order":0,"comment_status":"closed","ping_status":"closed","template":"","meta":{"om_disable_all_campaigns":false,"_monsterinsights_skip_tracking":false,"_monsterinsights_sitenote_active":false,"_monsterinsights_sitenote_note":"","_monsterinsights_sitenote_category":0,"footnotes":""},"class_list":["post-15449","page","type-page","status-publish","hentry"],"aioseo_notices":[],"_links":{"self":[{"href":"https:\/\/ikizlerkombiservisi.com\/index.php\/wp-json\/wp\/v2\/pages\/15449"}],"collection":[{"href":"https:\/\/ikizlerkombiservisi.com\/index.php\/wp-json\/wp\/v2\/pages"}],"about":[{"href":"https:\/\/ikizlerkombiservisi.com\/index.php\/wp-json\/wp\/v2\/types\/page"}],"author":[{"embeddable":true,"href":"https:\/\/ikizlerkombiservisi.com\/index.php\/wp-json\/wp\/v2\/users\/1"}],"replies":[{"embeddable":true,"href":"https:\/\/ikizlerkombiservisi.com\/index.php\/wp-json\/wp\/v2\/comments?post=15449"}],"version-history":[{"count":29,"href":"https:\/\/ikizlerkombiservisi.com\/index.php\/wp-json\/wp\/v2\/pages\/15449\/revisions"}],"predecessor-version":[{"id":15937,"href":"https:\/\/ikizlerkombiservisi.com\/index.php\/wp-json\/wp\/v2\/pages\/15449\/revisions\/15937"}],"wp:attachment":[{"href":"https:\/\/ikizlerkombiservisi.com\/index.php\/wp-json\/wp\/v2\/media?parent=15449"}],"curies":[{"name":"wp","href":"https:\/\/api.w.org\/{rel}","templated":true}]}}