{"id":15447,"date":"2019-10-03T10:41:56","date_gmt":"2019-10-03T10:41:56","guid":{"rendered":"http:\/\/ikizlerkombiservisi.com\/?page_id=15447"},"modified":"2020-09-18T22:24:15","modified_gmt":"2020-09-18T22:24:15","slug":"ariza-tespit-bakim-onarim","status":"publish","type":"page","link":"https:\/\/ikizlerkombiservisi.com\/index.php\/ariza-tespit-bakim-onarim\/","title":{"rendered":"Ar\u0131za Tespit, Bak\u0131m, Onar\u0131m"},"content":{"rendered":"<p>[vc_row][vc_column width=&#8221;1\/2&#8243;][vc_column_text]<\/p>\n<h1><span style=\"color: #339966;\">Kombi Ar\u0131za, Tamir ve Bak\u0131m<\/span><\/h1>\n<p>[\/vc_column_text][vc_zigzag color=&#8221;white&#8221; el_width=&#8221;10&#8243;][vc_column_text]\u0130kizler kombi Servisi verdi\u011fi t\u00fcm tamir ve onar\u0131m hizmetlerine 1 y\u0131l i\u015f\u00e7ilik ve par\u00e7a garantisi vermektedir. \u0130kizler kombi Servisi h\u0131zl\u0131 ve g\u00fcn i\u00e7i teknik servis hizmeti veren firmam\u0131z, deneyimli ve profesyonel teknik ekibiyle, geni\u015f par\u00e7a sto\u011fu ve donan\u0131ml\u0131 ara\u00e7lar\u0131yla m\u00fc\u015fterilerimizin hizmetindedir.<\/p>\n<p>\u0130kizler kombi Servisi kombinizde olu\u015fabilecek her t\u00fcrl\u00fc ar\u0131za ve bak\u0131m i\u015flemleri i\u00e7in firmam\u0131z sizlerden gelecek \u00e7a\u011fr\u0131lar\u0131 beklemektedir. \u0130kizler kombi Servisimizden ald\u0131\u011f\u0131n\u0131z t\u00fcm Kombi teknik servis hizmetlerinde teknik servis ekiplerimiz kombinizin onar\u0131m ve bak\u0131m i\u015flemlerini tamamlad\u0131ktan sonra size onar\u0131m garanti evraklar\u0131n\u0131 onaylayarak b\u0131rakacakt\u0131r.<\/p>\n<p>Teknik servis personelimizin size vermi\u015f oldu\u011fu Kombi onar\u0131m garanti evra\u011f\u0131 siz de\u011ferli t\u00fcketicilerimizi garanti alt\u0131na almaktad\u0131r. Cihaz\u0131n\u0131zdaki ayn\u0131 sorunun tekrarlamas\u0131 durumunda \u0130kizler kombi Servisimizden \u00fccretsiz servis kayd\u0131nda bulunabilirsiniz. Kombinizdeki ayn\u0131 problem \u00e7\u00f6z\u00fclene kadar \u0130kizler kombi Servisimizden \u00fccretsiz Kombi servis ve onar\u0131m hizmeti alabilirsiniz.[\/vc_column_text][vc_zigzag color=&#8221;white&#8221; el_width=&#8221;10&#8243;][vc_column_text]<i class=\"fa-icon-phone\"><\/i><span style=\"font-size: 14pt;\"><strong><span style=\"color: #ff0000;\">Bizi Aray\u0131n<\/span> <span style=\"color: #339966;\">Tel:\u00a0<\/span> <span style=\"color: #339966;\"><a style=\"color: #339966;\" href=\"tel:\/\/+903124769033\">+90 312 476 9 033<\/a> &#8211; Mobil : \u00a0<a style=\"color: #339966;\" href=\"tel:\/\/+905414769033\">+90 541 476 9 033<\/a><\/span><\/strong><\/span>[\/vc_column_text][\/vc_column][vc_column width=&#8221;1\/2&#8243;][vc_zigzag color=&#8221;white&#8221; el_width=&#8221;10&#8243;][vc_column_text]<img fetchpriority=\"high\" decoding=\"async\" class=\"wp-image-15822 aligncenter\" src=\"https:\/\/ikizlerkombiservisi.com\/wp-content\/uploads\/2019\/10\/uluslar-aras\u0131-egitimli-personel-300x241.jpg\" alt=\"\" width=\"363\" height=\"292\" srcset=\"https:\/\/ikizlerkombiservisi.com\/wp-content\/uploads\/2019\/10\/uluslar-aras\u0131-egitimli-personel-300x241.jpg 300w, https:\/\/ikizlerkombiservisi.com\/wp-content\/uploads\/2019\/10\/uluslar-aras\u0131-egitimli-personel-600x483.jpg 600w, https:\/\/ikizlerkombiservisi.com\/wp-content\/uploads\/2019\/10\/uluslar-aras\u0131-egitimli-personel.jpg 756w\" sizes=\"(max-width: 363px) 100vw, 363px\" \/>[\/vc_column_text][vc_zigzag color=&#8221;white&#8221; el_width=&#8221;10&#8243;][vc_column_text]<\/p>\n<h2><span style=\"font-size: 14pt;\"><span style=\"color: #ff0000;\">BELGES\u0130Z K\u0130\u015e\u0130LER\u0130 EV\u0130N\u0130ZE ALMAYINIZ..<\/span><\/span><\/h2>\n<p>[\/vc_column_text][vc_zigzag color=&#8221;white&#8221; el_width=&#8221;10&#8243;][vc_column_text]<\/p>\n<h3><img decoding=\"async\" class=\" wp-image-15825 alignleft\" src=\"https:\/\/ikizlerkombiservisi.com\/wp-content\/uploads\/2019\/10\/113-300x209.jpg\" alt=\"\" width=\"220\" height=\"153\" \/><span style=\"font-size: 14pt;\"><span style=\"font-size: 18pt;\">PERSONELLER\u0130M\u0130Z ULUSLARARASI YETERL\u0130L\u0130K BELGES\u0130NE SAH\u0130PT\u0130R.<\/span>\u00a0<\/span><\/h3>\n<p>[\/vc_column_text][\/vc_column][\/vc_row][vc_row][vc_column][vc_zigzag color=&#8221;white&#8221; el_width=&#8221;10&#8243;][vc_column_text]<\/p>\n<h2 style=\"text-align: center;\"><span style=\"color: #339966;\">E\u011e\u0130T\u0130ML\u0130 VE UZMAN KADROMUZ \u0130LE H\u0130ZMET\u0130N\u0130ZDEY\u0130Z.<\/span><\/h2>\n<p>[\/vc_column_text][vc_zigzag color=&#8221;white&#8221; el_width=&#8221;10&#8243;][vc_column_text]Firmam\u0131z tecr\u00fcbeli ve deneyimli kadrosu, teknolojinin yeniliklerini i\u00e7inde bar\u0131nd\u0131ran \u00fcr\u00fcnleri ile kombi servis\u00a0hizmetlerinin en kalitelisini siz m\u00fc\u015fterilerine sunmaktad\u0131r. Firmam\u0131z personeli s\u00fcrekli e\u011fitim ve \u00fcr\u00fcnler hakk\u0131nda bilgi ve deneyime sahiptir. Personelimizin hizmeti ve g\u00fcler y\u00fcz\u00fc ile sizlere hizmet vererek \u00f6nce paran\u0131z\u0131 de\u011fil can\u0131n\u0131z\u0131 d\u00fc\u015f\u00fcn\u00fcyoruz. \u0130nternet sitelerinde ve d\u0131\u015farda evinizin \u00f6n\u00fcne b\u0131rak\u0131lan kartvizitler ya da bro\u015f\u00fcrlerde bir\u00e7ok kombi tamir ve bak\u0131m servisinin oldu\u011funu g\u00f6rebilirsiniz. Fakat bunlar\u0131n bir\u00e7o\u011fu i\u015fi bilmeyen ve paraya odaklanm\u0131\u015f ki\u015filerden olu\u015fuyor. Kombi bak\u0131m, onar\u0131m ve tamirleri bu ki\u015filerin ellerine b\u0131rak\u0131lmayacak kadar \u00f6nemlidir.[\/vc_column_text][\/vc_column][\/vc_row][vc_row][vc_column][vc_zigzag color=&#8221;white&#8221; el_width=&#8221;10&#8243;][\/vc_column][\/vc_row][vc_row][vc_column][\/vc_column][\/vc_row]<\/p>\n ","protected":false},"excerpt":{"rendered":"<p>[vc_row][vc_column width=&#8221;1\/2&#8243;][vc_column_text] Kombi Ar\u0131za, Tamir ve Bak\u0131m [\/vc_column_text][vc_zigzag color=&#8221;white&#8221; el_width=&#8221;10&#8243;][vc_column_text]\u0130kizler kombi Servisi verdi\u011fi t\u00fcm tamir ve onar\u0131m hizmetlerine 1 y\u0131l i\u015f\u00e7ilik ve par\u00e7a garantisi vermektedir. \u0130kizler kombi Servisi h\u0131zl\u0131 ve g\u00fcn i\u00e7i teknik servis hizmeti veren firmam\u0131z, deneyimli ve profesyonel teknik ekibiyle, geni\u015f par\u00e7a sto\u011fu ve donan\u0131ml\u0131 ara\u00e7lar\u0131yla m\u00fc\u015fterilerimizin hizmetindedir. \u0130kizler kombi Servisi kombinizde olu\u015fabilecek [&hellip;]<\/p>\n","protected":false},"author":1,"featured_media":0,"parent":0,"menu_order":0,"comment_status":"closed","ping_status":"closed","template":"","meta":{"om_disable_all_campaigns":false,"_monsterinsights_skip_tracking":false,"_monsterinsights_sitenote_active":false,"_monsterinsights_sitenote_note":"","_monsterinsights_sitenote_category":0,"footnotes":""},"class_list":["post-15447","page","type-page","status-publish","hentry"],"aioseo_notices":[],"_links":{"self":[{"href":"https:\/\/ikizlerkombiservisi.com\/index.php\/wp-json\/wp\/v2\/pages\/15447"}],"collection":[{"href":"https:\/\/ikizlerkombiservisi.com\/index.php\/wp-json\/wp\/v2\/pages"}],"about":[{"href":"https:\/\/ikizlerkombiservisi.com\/index.php\/wp-json\/wp\/v2\/types\/page"}],"author":[{"embeddable":true,"href":"https:\/\/ikizlerkombiservisi.com\/index.php\/wp-json\/wp\/v2\/users\/1"}],"replies":[{"embeddable":true,"href":"https:\/\/ikizlerkombiservisi.com\/index.php\/wp-json\/wp\/v2\/comments?post=15447"}],"version-history":[{"count":15,"href":"https:\/\/ikizlerkombiservisi.com\/index.php\/wp-json\/wp\/v2\/pages\/15447\/revisions"}],"predecessor-version":[{"id":15939,"href":"https:\/\/ikizlerkombiservisi.com\/index.php\/wp-json\/wp\/v2\/pages\/15447\/revisions\/15939"}],"wp:attachment":[{"href":"https:\/\/ikizlerkombiservisi.com\/index.php\/wp-json\/wp\/v2\/media?parent=15447"}],"curies":[{"name":"wp","href":"https:\/\/api.w.org\/{rel}","templated":true}]}}