{"id":15443,"date":"2019-10-03T10:40:24","date_gmt":"2019-10-03T10:40:24","guid":{"rendered":"http:\/\/ikizlerkombiservisi.com\/?page_id=15443"},"modified":"2020-09-18T22:10:40","modified_gmt":"2020-09-18T22:10:40","slug":"sofben-montaj-hizmeti","status":"publish","type":"page","link":"https:\/\/ikizlerkombiservisi.com\/index.php\/sofben-montaj-hizmeti\/","title":{"rendered":"\u015eofben Bak\u0131m"},"content":{"rendered":"<p>[vc_row][vc_column width=&#8221;1\/2&#8243;][vc_column_text]<\/p>\n<h1><span style=\"color: #339966;\">\u0130kizler Kombi ( \u015eofben ) Servisi<\/span><\/h1>\n<p>[\/vc_column_text][vc_zigzag color=&#8221;white&#8221; el_width=&#8221;10&#8243;][vc_column_text]G\u00fcn\u00fcm\u00fczde teknoloji ilerledik\u00e7e t\u00fcm elektronik sistemlerde de\u011fi\u015fiklik ve yenilikler g\u00f6r\u00fclmektedir. \u0130kizler kombi Servisi, bu y\u00fczden elektronik aksamlar\u0131 fazla olmas\u0131yla birlikte ar\u0131za ve bak\u0131m ihtiya\u00e7lar\u0131 artmaktad\u0131r. Bu y\u00fczden \u0130kizler kombi Servisi i\u00e7in kendinize profesyonel ve bilgili bir i\u015fletmeye ihtiyac\u0131n\u0131z bulunmaktad\u0131r. \u00c7evrenizde bu tarz hizmeti sa\u011flayan y\u00fczlerce firma bulunabilir fakat bunlar\u0131n i\u00e7erisinden do\u011fru ve d\u00fcr\u00fcst \u00e7al\u0131\u015fmalar g\u00f6steren ekibi se\u00e7meniz gerekiyor. T\u00fcm bunlarla beraber fonksiyonel i\u015flemler artt\u0131\u011f\u0131ndan dolay\u0131 sadece teknik bilgi de\u011fil, teorik bilgiyede ihtiya\u00e7 duyulmaktad\u0131r. Gen\u00e7, dinamik ve konusunda uzman ekibimiz ile sizlere \u0130kizler kombi Servisi konusunda her ge\u00e7en g\u00fcn daha kaliteli bir hizmet vermeye devam ediyoruz.[\/vc_column_text][\/vc_column][vc_column width=&#8221;1\/2&#8243;][vc_single_image image=&#8221;15860&#8243; img_size=&#8221;254&#215;427&#8243; alignment=&#8221;center&#8221;][\/vc_column][\/vc_row][vc_row][vc_column width=&#8221;1\/2&#8243;][vc_zigzag color=&#8221;white&#8221; el_width=&#8221;10&#8243;][vc_single_image image=&#8221;15865&#8243; img_size=&#8221;275&#215;197&#8243; alignment=&#8221;center&#8221;][vc_zigzag color=&#8221;white&#8221; el_width=&#8221;10&#8243;][vc_column_text]<\/p>\n<p style=\"text-align: center;\"><i class=\"fa-icon-phone\"><\/i><span style=\"font-size: 14pt;\"><strong><span style=\"color: #ff0000;\">Bizi Aray\u0131n<\/span> <span style=\"color: #339966;\">Tel:\u00a0<\/span> <span style=\"color: #339966;\"><a style=\"color: #339966;\" href=\"tel:\/\/+903124769033\">+90 312 476 9 033<\/a> &#8211; Mobil : \u00a0<a style=\"color: #339966;\" href=\"tel:\/\/+905414769033\">+90 541 476 9 033<\/a><\/span><\/strong><\/span><\/p>\n<p>[\/vc_column_text][\/vc_column][vc_column width=&#8221;1\/2&#8243;][vc_zigzag color=&#8221;white&#8221; el_width=&#8221;10&#8243;][vc_column_text]Eski zamanlarda su \u0131s\u0131tma ad\u0131na sobalardan veya daha farkl\u0131 alternatif ara\u00e7lardan yard\u0131m al\u0131nmaktayd\u0131 fakat g\u00fcn\u00fcm\u00fczde geli\u015fen bu teknoloji ile birlikte art\u0131k i\u015flemlerimizi kolayla\u015ft\u0131ran bir\u00e7ok cihaz bulunmaktad\u0131r. Bu cihazlar\u0131 kendiniz tamir etmeniz veya bak\u0131m i\u015flemlerini yapman\u0131z olduk\u00e7a zordur. Bu y\u00fczden profesyonel bir hizmet alman\u0131z gerekti\u011finin alt\u0131n\u0131 \u00e7izmekteyiz. Her ge\u00e7en g\u00fcn e\u011fitim alan ve kendisini geli\u015ftiren teknik ekibimiz ile i\u015flemlerinizi garantili bir \u015fekilde profesyonel bir \u015fekilde ger\u00e7ekle\u015ftirmekteyiz. \u0130kizler Kombi Servisi konusunda b\u00f6lgede lider marka haline gelmi\u015f bulunman\u0131n mutlulu\u011funu ya\u015fayarak her ge\u00e7en g\u00fcn bir ad\u0131m daha b\u00fcy\u00fcmektedir.[\/vc_column_text][\/vc_column][\/vc_row][vc_row][vc_column][vc_zigzag color=&#8221;white&#8221; el_width=&#8221;10&#8243;][vc_zigzag color=&#8221;white&#8221; el_width=&#8221;10&#8243;][vc_column_text]<\/p>\n<h2 style=\"text-align: center;\"><span style=\"color: #339966;\">M\u00dc\u015eTER\u0130 PORTF\u00d6Y\u00dcM\u00dcZDE S\u0130ZDE YER\u0130N\u0130Z\u0130 ALIN<\/span><\/h2>\n<p>[\/vc_column_text][vc_zigzag color=&#8221;white&#8221; el_width=&#8221;10&#8243;][vc_column_text]Her ge\u00e7en g\u00fcn artan m\u00fc\u015fteri portf\u00f6y\u00fcm\u00fczde sizde yerinizi alabilir ve cihazlar\u0131n\u0131z\u0131n \u00f6m\u00fcrlerini \u00e7ok daha fazla uzatabilirsiniz. Ayn\u0131 zamanda sadece \u015fofben tamiri de\u011fil bir\u00e7ok konuda sizlere profesyonel bir \u015fekilde hizmet sa\u011flamaktay\u0131z. Bu hizmetlerimizi internet sitemiz \u00fczerinden inceleyebilirsiniz. Sizlere sa\u011flad\u0131\u011f\u0131m\u0131z hizmetler do\u011frultusunda, ihtiya\u00e7lar\u0131n\u0131z\u0131 en do\u011fru bir \u015fekilde kar\u015f\u0131lamak ad\u0131na sizleri en iyi \u015fekilde dinliyor ve profesyonel \u00e7\u00f6z\u00fcmler \u00fcretiyoruz. M\u00fc\u015fteri temsilcilerimize g\u00fcn\u00fcn her saati ula\u015fabilir ve merak ettiklerinizi iletebilirsiniz.[\/vc_column_text][vc_zigzag color=&#8221;white&#8221; el_width=&#8221;10&#8243;][\/vc_column][\/vc_row][vc_row][vc_column][\/vc_column][\/vc_row]<\/p>\n ","protected":false},"excerpt":{"rendered":"<p>[vc_row][vc_column width=&#8221;1\/2&#8243;][vc_column_text] \u0130kizler Kombi ( \u015eofben ) Servisi [\/vc_column_text][vc_zigzag color=&#8221;white&#8221; el_width=&#8221;10&#8243;][vc_column_text]G\u00fcn\u00fcm\u00fczde teknoloji ilerledik\u00e7e t\u00fcm elektronik sistemlerde de\u011fi\u015fiklik ve yenilikler g\u00f6r\u00fclmektedir. \u0130kizler kombi Servisi, bu y\u00fczden elektronik aksamlar\u0131 fazla olmas\u0131yla birlikte ar\u0131za ve bak\u0131m ihtiya\u00e7lar\u0131 artmaktad\u0131r. Bu y\u00fczden \u0130kizler kombi Servisi i\u00e7in kendinize profesyonel ve bilgili bir i\u015fletmeye ihtiyac\u0131n\u0131z bulunmaktad\u0131r. \u00c7evrenizde bu tarz hizmeti sa\u011flayan y\u00fczlerce [&hellip;]<\/p>\n","protected":false},"author":1,"featured_media":0,"parent":0,"menu_order":0,"comment_status":"closed","ping_status":"closed","template":"","meta":{"om_disable_all_campaigns":false,"_monsterinsights_skip_tracking":false,"_monsterinsights_sitenote_active":false,"_monsterinsights_sitenote_note":"","_monsterinsights_sitenote_category":0,"footnotes":""},"class_list":["post-15443","page","type-page","status-publish","hentry"],"aioseo_notices":[],"_links":{"self":[{"href":"https:\/\/ikizlerkombiservisi.com\/index.php\/wp-json\/wp\/v2\/pages\/15443"}],"collection":[{"href":"https:\/\/ikizlerkombiservisi.com\/index.php\/wp-json\/wp\/v2\/pages"}],"about":[{"href":"https:\/\/ikizlerkombiservisi.com\/index.php\/wp-json\/wp\/v2\/types\/page"}],"author":[{"embeddable":true,"href":"https:\/\/ikizlerkombiservisi.com\/index.php\/wp-json\/wp\/v2\/users\/1"}],"replies":[{"embeddable":true,"href":"https:\/\/ikizlerkombiservisi.com\/index.php\/wp-json\/wp\/v2\/comments?post=15443"}],"version-history":[{"count":15,"href":"https:\/\/ikizlerkombiservisi.com\/index.php\/wp-json\/wp\/v2\/pages\/15443\/revisions"}],"predecessor-version":[{"id":15931,"href":"https:\/\/ikizlerkombiservisi.com\/index.php\/wp-json\/wp\/v2\/pages\/15443\/revisions\/15931"}],"wp:attachment":[{"href":"https:\/\/ikizlerkombiservisi.com\/index.php\/wp-json\/wp\/v2\/media?parent=15443"}],"curies":[{"name":"wp","href":"https:\/\/api.w.org\/{rel}","templated":true}]}}