{"id":15437,"date":"2019-10-03T10:38:51","date_gmt":"2019-10-03T10:38:51","guid":{"rendered":"http:\/\/ikizlerkombiservisi.com\/?page_id=15437"},"modified":"2020-09-18T22:07:12","modified_gmt":"2020-09-18T22:07:12","slug":"hakkimizda","status":"publish","type":"page","link":"https:\/\/ikizlerkombiservisi.com\/index.php\/hakkimizda\/","title":{"rendered":"Hakk\u0131m\u0131zda"},"content":{"rendered":"<p>[vc_row][vc_column width=&#8221;1\/2&#8243;][vc_single_image image=&#8221;15885&#8243; img_size=&#8221;735&#215;231&#8243; alignment=&#8221;center&#8221;][\/vc_column][vc_column width=&#8221;1\/2&#8243;][vc_column_text]<\/p>\n<h1><span style=\"color: #339966;\">Hakk\u0131m\u0131zda<\/span><\/h1>\n<p>[\/vc_column_text][vc_zigzag color=&#8221;white&#8221; el_width=&#8221;10&#8243;][vc_column_text]Kombi servis hizmeti ciddi bir i\u015ftir bu sebeple b\u00fcy\u00fck sorumluluk ister i\u015fimizi bu bilin\u00e7le yap\u0131yoruz ekiplerimizi alan\u0131nda gerekli bilgi beceri ve donan\u0131ma sahip uluslar aras\u0131 yeterlilik belgesine sahip \u00e7al\u0131\u015fma arkada\u015flar\u0131ndan olu\u015fturuyoruz. Servis taleplerinize kar\u015f\u0131 kaliteli hizmet vermeyi kendisine ilke edinmi\u015f kurulusumuz ayn\u0131 zamanda petek temizli\u011fi hizmetinde en iyi ve kaliteli hizmeti siz de\u011ferli m\u00fc\u015fterilerimize sunmaktay\u0131z.[\/vc_column_text][vc_zigzag color=&#8221;white&#8221; el_width=&#8221;10&#8243;][\/vc_column][\/vc_row][vc_row][vc_column][\/vc_column][\/vc_row][vc_row][vc_column][\/vc_column][\/vc_row]<\/p>\n ","protected":false},"excerpt":{"rendered":"<p>[vc_row][vc_column width=&#8221;1\/2&#8243;][vc_single_image image=&#8221;15885&#8243; img_size=&#8221;735&#215;231&#8243; alignment=&#8221;center&#8221;][\/vc_column][vc_column width=&#8221;1\/2&#8243;][vc_column_text] Hakk\u0131m\u0131zda [\/vc_column_text][vc_zigzag color=&#8221;white&#8221; el_width=&#8221;10&#8243;][vc_column_text]Kombi servis hizmeti ciddi bir i\u015ftir bu sebeple b\u00fcy\u00fck sorumluluk ister i\u015fimizi bu bilin\u00e7le yap\u0131yoruz ekiplerimizi alan\u0131nda gerekli bilgi beceri ve donan\u0131ma sahip uluslar aras\u0131 yeterlilik belgesine sahip \u00e7al\u0131\u015fma arkada\u015flar\u0131ndan olu\u015fturuyoruz. Servis taleplerinize kar\u015f\u0131 kaliteli hizmet vermeyi kendisine ilke edinmi\u015f kurulusumuz ayn\u0131 zamanda petek temizli\u011fi hizmetinde [&hellip;]<\/p>\n","protected":false},"author":1,"featured_media":0,"parent":0,"menu_order":0,"comment_status":"closed","ping_status":"closed","template":"","meta":{"om_disable_all_campaigns":false,"_monsterinsights_skip_tracking":false,"_monsterinsights_sitenote_active":false,"_monsterinsights_sitenote_note":"","_monsterinsights_sitenote_category":0,"footnotes":""},"class_list":["post-15437","page","type-page","status-publish","hentry"],"aioseo_notices":[],"_links":{"self":[{"href":"https:\/\/ikizlerkombiservisi.com\/index.php\/wp-json\/wp\/v2\/pages\/15437"}],"collection":[{"href":"https:\/\/ikizlerkombiservisi.com\/index.php\/wp-json\/wp\/v2\/pages"}],"about":[{"href":"https:\/\/ikizlerkombiservisi.com\/index.php\/wp-json\/wp\/v2\/types\/page"}],"author":[{"embeddable":true,"href":"https:\/\/ikizlerkombiservisi.com\/index.php\/wp-json\/wp\/v2\/users\/1"}],"replies":[{"embeddable":true,"href":"https:\/\/ikizlerkombiservisi.com\/index.php\/wp-json\/wp\/v2\/comments?post=15437"}],"version-history":[{"count":4,"href":"https:\/\/ikizlerkombiservisi.com\/index.php\/wp-json\/wp\/v2\/pages\/15437\/revisions"}],"predecessor-version":[{"id":15928,"href":"https:\/\/ikizlerkombiservisi.com\/index.php\/wp-json\/wp\/v2\/pages\/15437\/revisions\/15928"}],"wp:attachment":[{"href":"https:\/\/ikizlerkombiservisi.com\/index.php\/wp-json\/wp\/v2\/media?parent=15437"}],"curies":[{"name":"wp","href":"https:\/\/api.w.org\/{rel}","templated":true}]}}