{"id":15435,"date":"2019-10-03T10:38:38","date_gmt":"2019-10-03T10:38:38","guid":{"rendered":"http:\/\/ikizlerkombiservisi.com\/?page_id=15435"},"modified":"2020-09-18T22:10:46","modified_gmt":"2020-09-18T22:10:46","slug":"vizyonumuz","status":"publish","type":"page","link":"https:\/\/ikizlerkombiservisi.com\/index.php\/vizyonumuz\/","title":{"rendered":"Vizyonumuz"},"content":{"rendered":"<p>[vc_row][vc_column width=&#8221;1\/2&#8243;][vc_zigzag color=&#8221;white&#8221; el_width=&#8221;10&#8243;][vc_single_image image=&#8221;15851&#8243; img_size=&#8221;916&#215;300&#8243; alignment=&#8221;center&#8221;][\/vc_column][vc_column width=&#8221;1\/2&#8243;][vc_column_text]<\/p>\n<h1><span style=\"color: #339966;\"><strong>Vizyonumuz<\/strong><\/span><\/h1>\n<p>[\/vc_column_text][vc_zigzag color=&#8221;white&#8221; el_width=&#8221;10&#8243;][vc_column_text]<span style=\"font-size: 14pt;\">B\u00f6lgemizde ve T\u00fcrkiye\u2019de iklimlendirme sekt\u00f6r\u00fcn\u00fcn hizmet anlay\u0131\u015f\u0131nda en etkili marka olmak i\u00e7in \u0130kizler Kombi Servisini \u201cen g\u00fcvenilir ve ula\u015f\u0131labilir\u201d marka konumuna getirmek.<\/span>[\/vc_column_text][\/vc_column][\/vc_row][vc_row][vc_column][vc_zigzag color=&#8221;white&#8221; el_width=&#8221;10&#8243;][\/vc_column][\/vc_row]<\/p>\n ","protected":false},"excerpt":{"rendered":"<p>[vc_row][vc_column width=&#8221;1\/2&#8243;][vc_zigzag color=&#8221;white&#8221; el_width=&#8221;10&#8243;][vc_single_image image=&#8221;15851&#8243; img_size=&#8221;916&#215;300&#8243; alignment=&#8221;center&#8221;][\/vc_column][vc_column width=&#8221;1\/2&#8243;][vc_column_text] Vizyonumuz [\/vc_column_text][vc_zigzag color=&#8221;white&#8221; el_width=&#8221;10&#8243;][vc_column_text]B\u00f6lgemizde ve T\u00fcrkiye\u2019de iklimlendirme sekt\u00f6r\u00fcn\u00fcn hizmet anlay\u0131\u015f\u0131nda en etkili marka olmak i\u00e7in \u0130kizler Kombi Servisini \u201cen g\u00fcvenilir ve ula\u015f\u0131labilir\u201d marka konumuna getirmek.[\/vc_column_text][\/vc_column][\/vc_row][vc_row][vc_column][vc_zigzag color=&#8221;white&#8221; el_width=&#8221;10&#8243;][\/vc_column][\/vc_row]<\/p>\n","protected":false},"author":1,"featured_media":0,"parent":0,"menu_order":0,"comment_status":"closed","ping_status":"closed","template":"","meta":{"om_disable_all_campaigns":false,"_monsterinsights_skip_tracking":false,"_monsterinsights_sitenote_active":false,"_monsterinsights_sitenote_note":"","_monsterinsights_sitenote_category":0,"footnotes":""},"class_list":["post-15435","page","type-page","status-publish","hentry"],"aioseo_notices":[],"_links":{"self":[{"href":"https:\/\/ikizlerkombiservisi.com\/index.php\/wp-json\/wp\/v2\/pages\/15435"}],"collection":[{"href":"https:\/\/ikizlerkombiservisi.com\/index.php\/wp-json\/wp\/v2\/pages"}],"about":[{"href":"https:\/\/ikizlerkombiservisi.com\/index.php\/wp-json\/wp\/v2\/types\/page"}],"author":[{"embeddable":true,"href":"https:\/\/ikizlerkombiservisi.com\/index.php\/wp-json\/wp\/v2\/users\/1"}],"replies":[{"embeddable":true,"href":"https:\/\/ikizlerkombiservisi.com\/index.php\/wp-json\/wp\/v2\/comments?post=15435"}],"version-history":[{"count":6,"href":"https:\/\/ikizlerkombiservisi.com\/index.php\/wp-json\/wp\/v2\/pages\/15435\/revisions"}],"predecessor-version":[{"id":15932,"href":"https:\/\/ikizlerkombiservisi.com\/index.php\/wp-json\/wp\/v2\/pages\/15435\/revisions\/15932"}],"wp:attachment":[{"href":"https:\/\/ikizlerkombiservisi.com\/index.php\/wp-json\/wp\/v2\/media?parent=15435"}],"curies":[{"name":"wp","href":"https:\/\/api.w.org\/{rel}","templated":true}]}}